{"id":1856,"date":"2024-01-08T11:58:45","date_gmt":"2024-01-08T10:58:45","guid":{"rendered":"https:\/\/www.viajes.com\/blog\/?page_id=1856"},"modified":"2024-01-08T12:12:23","modified_gmt":"2024-01-08T11:12:23","slug":"aviso-legal","status":"publish","type":"page","link":"https:\/\/www.viajes.com\/blog\/aviso-legal\/","title":{"rendered":"Aviso Legal"},"content":{"rendered":"\n<p>La presente informaci\u00f3n conforma y regula las condiciones de uso, las limitaciones de responsabilidad y las obligaciones que los usuarios de la p\u00e1gina Web que se publica bajo el nombre\/s de dominio <a href=\"http:\/\/www.viajes.com\">www.viajes.com<\/a> asumen y se comprometen a respetar.<\/p>\n\n\n\n<h3 class=\"wp-block-heading\"><strong>Datos identificativos del titular del BLOG<\/strong><\/h3>\n\n\n\n<p>En cumplimiento del deber de informaci\u00f3n, Last Minute Express S.L.U. (en lo sucesivo El\/La Titular) en calidad de titular del blog (en lo sucesivo LA WEB o Blog) procede a comunicarles los datos identificativos:<\/p>\n\n\n\n<p><em>Denominaci\u00f3n social:<\/em><br>Last Minute Express S.L.U.<\/p>\n\n\n\n<p><em>Cif:<\/em><br>B76740091<\/p>\n\n\n\n<p><em>Direcci\u00f3n de correo electr\u00f3nico:<\/em><br><a href=\"mailto:d.mayer@lmx-viajes.com\">d.mayer@lmx-viajes.com<\/a><\/p>\n\n\n\n<p><em>Domicilio:<\/em><br>C\/ El Drago<br>38670 Adeje<\/p>\n\n\n\n<h3 class=\"wp-block-heading\"><strong>T\u00e9rminos y condiciones<\/strong><\/h3>\n\n\n\n<p>Los t\u00e9rminos y condiciones generales que aqu\u00ed se establecen regulan el uso de este Blog en Internet. La utilizaci\u00f3n del sitio atribuye la condici\u00f3n de usuario\/a del blog a su visitante, y determina expresamente su aceptaci\u00f3n plena y sin reservas de todos y cada uno de los t\u00e9rminos en este aviso legal establecido. En consecuencia, el\/la usuario\/a debe leer atentamente los t\u00e9rminos y condiciones en cada una de las ocasiones en que se proponga utilizar el presente blog.<\/p>\n\n\n\n<p>Se establece, adem\u00e1s, que los t\u00e9rminos y condiciones podr\u00e1n ser modificados en todo o en parte por de Last Minute Express S.L.U., y dichos cambios e implementaci\u00f3n tendr\u00e1n vigencia a partir del momento mismo en que sean publicados o insertados en este sitio. El\/La usuario\/a ha de revisar peri\u00f3dicamente el AVISO LEGAL USO DEL BLOG.<\/p>\n\n\n\n<p>Aquellos mensajes que no se ajusten a la tem\u00e1tica del blog podr\u00e1n ser eliminados. Est\u00e1 totalmente prohibido publicar promociones y enlaces de ofertas comerciales, publicidad, material promocional, cartas cadena ni cualquier actividad promocional directa o indirecta o cualquier otro tipo de comentario que no se ajuste al normal desarrollo de los temas de los blogs. Last Minute Express S.L.U. se reserva el derecho de eliminar y\/o modificar los comentarios que contengan lenguaje inapropiado, spam u otras conductas no apropiadas en una comunidad civilizada. Los comentarios han de ce\u00f1irse al post, noticia, publicaci\u00f3n, etc., absteni\u00e9ndose de su uso con fines o efectos il\u00edcitos, ilegales, contrarios a lo establecido en las presentes condiciones generales, a la buena fe y al orden p\u00fablico, lesivos de los derechos e intereses de terceros, o que de cualquier forma puedan resultar ofensivos en sentido amplio, insultantes, de escasa educaci\u00f3n o consideraci\u00f3n con el resto de los\/las usuarios\/as, ataques personales, los que no tengan relaci\u00f3n con el tema, publicidad, spam y, en definitiva, todos los que no contribuyan a hacer del blog lo que pretende: un espacio de opini\u00f3n, noticias, informaci\u00f3n, comunicaci\u00f3n libre y amable.<\/p>\n\n\n\n<p>El\/La usuario\/a se obliga a usar los contenidos de una forma l\u00edcita en general y, en particular, se compromete a abstenerse de:<\/p>\n\n\n\n<ul class=\"wp-block-list\">\n<li>Utilizar los contenidos de forma, con fines o efectos contrarios a la ley, a la moral y a las buenas costumbres generalmente aceptadas o al orden p\u00fablico.<\/li>\n\n\n\n<li>Reproducir o copiar, distribuir, transformar o modificar los contenidos.<\/li>\n\n\n\n<li>Emplear los contenidos con fines econ\u00f3micos, venta directa o con cualquier otra clase de finalidad comercial, mensajes no solicitados dirigidos a una pluralidad de personas con independencia de su finalidad, as\u00ed como a abstenerse de comercializar o divulgar de cualquier modo dicha informaci\u00f3n.<\/li>\n\n\n\n<li>Publicar cualquier contenido amenazante, injurioso, calumnioso, obsceno, pornogr\u00e1fico o que de otro modo infrinja la Ley.<\/li>\n<\/ul>\n\n\n\n<p>Los usuarios siempre deben tener en cuenta que el contenido publicado en este blog es p\u00fablico y puede ser visto por todos sus seguidores.<\/p>\n\n\n\n<p>Last Minute Express S.L.U. no ser\u00e1 responsable de los contenidos publicados por los\/las usuarios\/as. Tampoco se responsabiliza por los da\u00f1os y perjuicios que pudieran ocasionarse mediante el uso de la informaci\u00f3n provista por medio del servicio. Asimismo, tampoco garantiza la exactitud y\/o veracidad de todo o parte de la informaci\u00f3n contenida en el sitio, ni su actualizaci\u00f3n, ni que dicha informaci\u00f3n no haya sido alterada o modificada en todo o en parte, despu\u00e9s de haber sido incluida en el sitio.<\/p>\n\n\n\n<p>Tampoco se hace responsable de la informaci\u00f3n, y contenidos que puedan albergar los links incluidos en el blog por los usuarios ni de la existencia de malware o an\u00e1logo.<\/p>\n\n\n\n<p>Last Minute Express S.L.U. no se responsabilizar\u00e1 por los da\u00f1os y perjuicios de toda naturaleza que puedan deberse a la presencia de malware o a la presencia de otros elementos en los contenidos que puedan producir alteraciones en el sistema inform\u00e1tico, programas, documentos electr\u00f3nicos o ficheros de los\/las usuarios\/as.<\/p>\n\n\n\n<p>Last Minute Express S.L.U. no garantiza la disponibilidad ni continuidad del servicio del blog de la web, pudiendo modificarlo, suspenderlo o eliminarlo de la web sin previo aviso, en cualquier momento.<\/p>\n\n\n\n<p>El\/La usuario\/a mantendr\u00e1 indemne a Last Minute Express S.L.U. frente a cualquier reclamaci\u00f3n que pudiera present\u00e1rsele por los mensajes que el\/la usuario\/a haya difundido en los blogs o por cualquier otra conducta vinculada o derivada de la utilizaci\u00f3n por el usuario de los blogs de la web. Si un\/a usuario\/a o tercero\/a, considera que alg\u00fan comentario publicado en el Blog o alguno de sus enlaces son il\u00edcitos, agradeceremos lo comunique en la mayor brevedad posible a la direcci\u00f3n de correo electr\u00f3nico <a href=\"mailto:d.mayer@lmx-viajes.com\">d.mayer@lmx-viajes.com<\/a> para que Last Minute Express S.L.U. proceda a su revisi\u00f3n y si procede, su retirada.<\/p>\n","protected":false},"excerpt":{"rendered":"<p>La presente informaci\u00f3n conforma y regula las condiciones de uso, las limitaciones de responsabilidad y las obligaciones que los usuarios de la p\u00e1gina Web que se publica bajo el nombre\/s de dominio www.viajes.com asumen y se comprometen a respetar. Datos identificativos del titular del BLOG En cumplimiento del deber de informaci\u00f3n, Last Minute Express S.L.U. [&hellip;]<\/p>\n","protected":false},"author":3,"featured_media":0,"parent":0,"menu_order":0,"comment_status":"closed","ping_status":"closed","template":"","meta":{"footnotes":""},"class_list":["post-1856","page","type-page","status-publish","hentry"],"_links":{"self":[{"href":"https:\/\/www.viajes.com\/blog\/wp-json\/wp\/v2\/pages\/1856","targetHints":{"allow":["GET"]}}],"collection":[{"href":"https:\/\/www.viajes.com\/blog\/wp-json\/wp\/v2\/pages"}],"about":[{"href":"https:\/\/www.viajes.com\/blog\/wp-json\/wp\/v2\/types\/page"}],"author":[{"embeddable":true,"href":"https:\/\/www.viajes.com\/blog\/wp-json\/wp\/v2\/users\/3"}],"replies":[{"embeddable":true,"href":"https:\/\/www.viajes.com\/blog\/wp-json\/wp\/v2\/comments?post=1856"}],"version-history":[{"count":4,"href":"https:\/\/www.viajes.com\/blog\/wp-json\/wp\/v2\/pages\/1856\/revisions"}],"predecessor-version":[{"id":1863,"href":"https:\/\/www.viajes.com\/blog\/wp-json\/wp\/v2\/pages\/1856\/revisions\/1863"}],"wp:attachment":[{"href":"https:\/\/www.viajes.com\/blog\/wp-json\/wp\/v2\/media?parent=1856"}],"curies":[{"name":"wp","href":"https:\/\/api.w.org\/{rel}","templated":true}]}}